{"id":2146,"date":"2019-08-15T16:12:26","date_gmt":"2019-08-15T14:12:26","guid":{"rendered":"https:\/\/muzikaorganika.com\/event-dates\/"},"modified":"2026-01-07T00:27:22","modified_gmt":"2026-01-06T23:27:22","slug":"event-dates","status":"publish","type":"page","link":"https:\/\/muzikaorganika.com\/de\/event-dates\/","title":{"rendered":"Events"},"content":{"rendered":"<p><div class=\"fusion-fullwidth fullwidth-box fusion-builder-row-1 fusion-flex-container has-pattern-background has-mask-background fusion-parallax-none nonhundred-percent-fullwidth non-hundred-percent-height-scrolling lazyload\" style=\"--awb-border-radius-top-left:0px;--awb-border-radius-top-right:0px;--awb-border-radius-bottom-right:0px;--awb-border-radius-bottom-left:0px;--awb-padding-top:15%;--awb-padding-bottom:9%;--awb-background-color:var(--awb-color8);--awb-background-size:cover;--awb-flex-wrap:wrap;\" data-bg=\"https:\/\/muzikaorganika.com\/wp-content\/uploads\/2025\/03\/yaima_live-scaled.jpg\" ><div class=\"fusion-builder-row fusion-row fusion-flex-align-items-flex-start fusion-flex-content-wrap\" style=\"max-width:calc( 1140px + 0px );margin-left: calc(-0px \/ 2 );margin-right: calc(-0px \/ 2 );\"><div class=\"fusion-layout-column fusion_builder_column fusion-builder-column-0 fusion_builder_column_1_1 1_1 fusion-flex-column fusion-animated\" style=\"--awb-bg-blend:overlay;--awb-bg-size:cover;--awb-width-large:100%;--awb-margin-top-large:0px;--awb-spacing-right-large:0px;--awb-margin-bottom-large:0px;--awb-spacing-left-large:0px;--awb-width-medium:100%;--awb-spacing-right-medium:0px;--awb-spacing-left-medium:0px;--awb-width-small:100%;--awb-spacing-right-small:0px;--awb-spacing-left-small:0px;\" data-animationType=\"fadeInDown\" data-animationDuration=\"1.0\" data-animationOffset=\"top-into-view\"><div class=\"fusion-column-wrapper fusion-column-has-shadow fusion-flex-justify-content-flex-start fusion-content-layout-column\"><div class=\"fusion-title title fusion-title-1 fusion-sep-none fusion-title-center fusion-title-text fusion-title-size-one\" style=\"--awb-margin-bottom:0px;--awb-margin-bottom-small:0px;\"><h1 class=\"fusion-title-heading title-heading-center fusion-responsive-typography-calculated\" style=\"margin:0;--fontSize:36;line-height:var(--awb-typography1-line-height);\">BESONDERE EVENTS<\/h1><\/div><div class=\"fusion-title title fusion-title-2 fusion-sep-none fusion-title-center fusion-title-text fusion-title-size-two\" style=\"--awb-text-color:var(--awb-color4);--awb-font-size:var(--awb-typography2-font-size);\"><h2 class=\"fusion-title-heading title-heading-center fusion-responsive-typography-calculated\" style=\"font-family:var(--awb-typography2-font-family);font-weight:var(--awb-typography2-font-weight);font-style:var(--awb-typography2-font-style);margin:0;letter-spacing:var(--awb-typography2-letter-spacing);text-transform:var(--awb-typography2-text-transform);font-size:1em;--fontSize:18;--minFontSize:18;line-height:var(--awb-typography2-line-height);\">F\u00fcr deinen Kalender<\/h2><\/div><\/div><\/div><\/div><\/div><div class=\"fusion-fullwidth fullwidth-box fusion-builder-row-2 fusion-flex-container nonhundred-percent-fullwidth non-hundred-percent-height-scrolling\" style=\"--awb-border-radius-top-left:0px;--awb-border-radius-top-right:0px;--awb-border-radius-bottom-right:0px;--awb-border-radius-bottom-left:0px;--awb-padding-top:6%;--awb-background-color:var(--awb-color8);--awb-flex-wrap:wrap;\" ><div class=\"fusion-builder-row fusion-row fusion-flex-align-items-stretch fusion-flex-content-wrap\" style=\"max-width:calc( 1140px + 0px );margin-left: calc(-0px \/ 2 );margin-right: calc(-0px \/ 2 );\"><div class=\"fusion-layout-column fusion_builder_column fusion-builder-column-1 fusion_builder_column_1_1 1_1 fusion-flex-column fusion-flex-align-self-flex-start fusion-column-no-min-height fusion-animated\" style=\"--awb-padding-top:40px;--awb-padding-right:15%;--awb-padding-bottom:60px;--awb-padding-left:15%;--awb-bg-blend:overlay;--awb-bg-size:cover;--awb-width-large:100%;--awb-margin-top-large:0px;--awb-spacing-right-large:0px;--awb-margin-bottom-large:0px;--awb-spacing-left-large:0px;--awb-width-medium:100%;--awb-spacing-right-medium:0px;--awb-spacing-left-medium:0px;--awb-width-small:100%;--awb-spacing-right-small:0px;--awb-spacing-left-small:0px;\" data-animationType=\"fadeInDown\" data-animationDuration=\"1.0\" data-animationOffset=\"top-into-view\"><div class=\"fusion-column-wrapper fusion-column-has-shadow fusion-flex-justify-content-flex-start fusion-content-layout-column\"><div class=\"fusion-title title fusion-title-3 fusion-sep-none fusion-title-center fusion-title-text fusion-title-size-two\" style=\"--awb-text-color:var(--awb-color4);--awb-margin-bottom:0px;--awb-margin-bottom-small:0px;--awb-font-size:var(--awb-typography2-font-size);\"><h2 class=\"fusion-title-heading title-heading-center fusion-responsive-typography-calculated\" style=\"font-family:var(--awb-typography2-font-family);font-weight:var(--awb-typography2-font-weight);font-style:var(--awb-typography2-font-style);margin:0;letter-spacing:var(--awb-typography2-letter-spacing);text-transform:var(--awb-typography2-text-transform);font-size:1em;--fontSize:18;--minFontSize:18;line-height:var(--awb-typography2-line-height);\">Muzika Organika<\/h2><\/div><div class=\"fusion-title title fusion-title-4 fusion-sep-none fusion-title-center fusion-title-text fusion-title-size-three\" style=\"--awb-text-color:var(--awb-color1);--awb-margin-bottom:20px;--awb-margin-bottom-small:20px;--awb-font-size:55px;\"><h3 class=\"fusion-title-heading title-heading-center fusion-responsive-typography-calculated\" style=\"margin:0;font-size:1em;--fontSize:55;line-height:1.3;\">exklusive Events<\/h3><\/div><div class=\"fusion-text fusion-text-1\"><p style=\"text-align: center;\">Wir bieten einzigartige und intime musikalische sowie spirituelle Erlebnisse. Wir vereinen eine Gemeinschaft talentierter K\u00fcnstler organischer Musik und schaffen R\u00e4ume, die pers\u00f6nliches Wachstum f\u00f6rdern, das Herz \u00f6ffnen und das innere Licht in uns erwecken. Gemeinsam schaffen wir ganzheitliche und freudvolle Erlebnisse.<\/p>\n<\/div><\/div><\/div><\/div><\/div><div class=\"fusion-fullwidth fullwidth-box fusion-builder-row-3 fusion-flex-container has-pattern-background has-mask-background nonhundred-percent-fullwidth non-hundred-percent-height-scrolling\" style=\"--awb-border-radius-top-left:0px;--awb-border-radius-top-right:0px;--awb-border-radius-bottom-right:0px;--awb-border-radius-bottom-left:0px;--awb-flex-wrap:wrap;\" ><div class=\"fusion-builder-row fusion-row fusion-flex-align-items-flex-start fusion-flex-content-wrap\" style=\"max-width:1185.6px;margin-left: calc(-4% \/ 2 );margin-right: calc(-4% \/ 2 );\"><div class=\"fusion-layout-column fusion_builder_column fusion-builder-column-2 fusion_builder_column_1_1 1_1 fusion-flex-column\" style=\"--awb-bg-size:cover;--awb-width-large:100%;--awb-margin-top-large:0px;--awb-spacing-right-large:1.92%;--awb-margin-bottom-large:20px;--awb-spacing-left-large:1.92%;--awb-width-medium:100%;--awb-order-medium:0;--awb-spacing-right-medium:1.92%;--awb-spacing-left-medium:1.92%;--awb-width-small:100%;--awb-order-small:0;--awb-spacing-right-small:1.92%;--awb-spacing-left-small:1.92%;\"><div class=\"fusion-column-wrapper fusion-column-has-shadow fusion-flex-justify-content-flex-start fusion-content-layout-column\"><div class=\"fusion-recent-posts fusion-recent-posts-1 avada-container layout-default layout-columns-2\"><section class=\"fusion-columns columns fusion-columns-2 columns-2\"><article class=\"post fusion-column column col col-lg-6 col-md-6 col-sm-6\"><div class=\"fusion-flexslider fusion-flexslider-loading flexslider flexslider-hover-type-none\"><ul class=\"slides\"><li><a href=\"https:\/\/muzikaorganika.com\/de\/events\/muzika-organika-5elements-janax-pacha\/\" aria-label=\"Muzika Organika 5 ELEMENTE mit Janax Pacha\" class=\"hover-type-none\"><img decoding=\"async\" width=\"700\" height=\"441\" src=\"https:\/\/muzikaorganika.com\/wp-content\/uploads\/2025\/12\/ETHNO-CLUBBING-700x441.jpg\" class=\"attachment-recent-posts size-recent-posts lazyload\" alt=\"\" srcset=\"data:image\/svg+xml,%3Csvg%20xmlns%3D%27http%3A%2F%2Fwww.w3.org%2F2000%2Fsvg%27%20width%3D%271080%27%20height%3D%271080%27%20viewBox%3D%270%200%201080%201080%27%3E%3Crect%20width%3D%271080%27%20height%3D%271080%27%20fill-opacity%3D%220%22%2F%3E%3C%2Fsvg%3E\" data-orig-src=\"https:\/\/muzikaorganika.com\/wp-content\/uploads\/2025\/12\/ETHNO-CLUBBING-700x441.jpg\" data-srcset=\"https:\/\/muzikaorganika.com\/wp-content\/uploads\/2025\/12\/ETHNO-CLUBBING-320x202.jpg 320w, https:\/\/muzikaorganika.com\/wp-content\/uploads\/2025\/12\/ETHNO-CLUBBING-700x441.jpg 700w\" data-sizes=\"auto\" \/><\/a><\/li><\/ul><\/div><div class=\"recent-posts-content\"><span class=\"vcard\" style=\"display: none;\"><span class=\"fn\"><a href=\"https:\/\/muzikaorganika.com\/de\/author\/rasti\/\" title=\"Beitr\u00e4ge von Rastko\" rel=\"author\">Rastko<\/a><\/span><\/span><span class=\"updated\" style=\"display:none;\">2026-02-16T14:38:31+01:00<\/span><h4 class=\"entry-title\"><a href=\"https:\/\/muzikaorganika.com\/de\/events\/muzika-organika-5elements-janax-pacha\/\">Muzika Organika 5 ELEMENTE mit Janax Pacha<\/a><\/h4><p>Samstag 11. April 2026 :: 21h :: Club Cvetli\u010darna : Wohnzimmer : sLOVEnia<\/p><\/div><\/article><\/section><\/div>\n<\/div><\/div><\/div><\/div><\/p>\n","protected":false},"excerpt":{"rendered":"","protected":false},"author":1,"featured_media":0,"parent":0,"menu_order":0,"comment_status":"closed","ping_status":"closed","template":"100-width.php","meta":{"_monsterinsights_skip_tracking":false,"_monsterinsights_sitenote_active":false,"_monsterinsights_sitenote_note":"","_monsterinsights_sitenote_category":0,"footnotes":""},"class_list":["post-2146","page","type-page","status-publish","hentry"],"yoast_head":"<!-- This site is optimized with the Yoast SEO plugin v27.0 - https:\/\/yoast.com\/product\/yoast-seo-wordpress\/ -->\n<title>Events - Muzika Organika Boutique Events<\/title>\n<meta name=\"robots\" content=\"index, follow, max-snippet:-1, max-image-preview:large, max-video-preview:-1\" \/>\n<link rel=\"canonical\" href=\"https:\/\/muzikaorganika.com\/de\/event-dates\/\" \/>\n<meta property=\"og:locale\" content=\"de_DE\" \/>\n<meta property=\"og:type\" content=\"article\" \/>\n<meta property=\"og:title\" content=\"Events - Muzika Organika Boutique Events\" \/>\n<meta property=\"og:url\" content=\"https:\/\/muzikaorganika.com\/de\/event-dates\/\" \/>\n<meta property=\"og:site_name\" content=\"Muzika Organika Boutique Events\" \/>\n<meta property=\"article:publisher\" content=\"https:\/\/www.facebook.com\/muzikaorganika\/\" \/>\n<meta property=\"article:modified_time\" content=\"2026-01-06T23:27:22+00:00\" \/>\n<meta name=\"twitter:card\" content=\"summary_large_image\" \/>\n<meta name=\"twitter:label1\" content=\"Gesch\u00e4tzte Lesezeit\" \/>\n\t<meta name=\"twitter:data1\" content=\"1\u00a0Minute\" \/>\n<script type=\"application\/ld+json\" class=\"yoast-schema-graph\">{\"@context\":\"https:\/\/schema.org\",\"@graph\":[{\"@type\":\"WebPage\",\"@id\":\"https:\/\/muzikaorganika.com\/de\/event-dates\/\",\"url\":\"https:\/\/muzikaorganika.com\/de\/event-dates\/\",\"name\":\"Events - Muzika Organika Boutique Events\",\"isPartOf\":{\"@id\":\"https:\/\/muzikaorganika.com\/#website\"},\"datePublished\":\"2019-08-15T14:12:26+00:00\",\"dateModified\":\"2026-01-06T23:27:22+00:00\",\"breadcrumb\":{\"@id\":\"https:\/\/muzikaorganika.com\/de\/event-dates\/#breadcrumb\"},\"inLanguage\":\"de\",\"potentialAction\":[{\"@type\":\"ReadAction\",\"target\":[\"https:\/\/muzikaorganika.com\/de\/event-dates\/\"]}]},{\"@type\":\"BreadcrumbList\",\"@id\":\"https:\/\/muzikaorganika.com\/de\/event-dates\/#breadcrumb\",\"itemListElement\":[{\"@type\":\"ListItem\",\"position\":1,\"name\":\"Home\",\"item\":\"https:\/\/muzikaorganika.com\/de\/\"},{\"@type\":\"ListItem\",\"position\":2,\"name\":\"Events\"}]},{\"@type\":\"WebSite\",\"@id\":\"https:\/\/muzikaorganika.com\/#website\",\"url\":\"https:\/\/muzikaorganika.com\/\",\"name\":\"Muzika Organika Boutique Events\",\"description\":\"Experience the mystical fusion of music, cacao ceremony, heartfelt connections, and transformative energies.\",\"publisher\":{\"@id\":\"https:\/\/muzikaorganika.com\/#organization\"},\"potentialAction\":[{\"@type\":\"SearchAction\",\"target\":{\"@type\":\"EntryPoint\",\"urlTemplate\":\"https:\/\/muzikaorganika.com\/?s={search_term_string}\"},\"query-input\":{\"@type\":\"PropertyValueSpecification\",\"valueRequired\":true,\"valueName\":\"search_term_string\"}}],\"inLanguage\":\"de\"},{\"@type\":\"Organization\",\"@id\":\"https:\/\/muzikaorganika.com\/#organization\",\"name\":\"Muzika Organika Boutique Events\",\"url\":\"https:\/\/muzikaorganika.com\/\",\"logo\":{\"@type\":\"ImageObject\",\"inLanguage\":\"de\",\"@id\":\"https:\/\/muzikaorganika.com\/#\/schema\/logo\/image\/\",\"url\":\"https:\/\/muzikaorganika.com\/wp-content\/uploads\/2024\/02\/MUZIKA-ORGANIKA-7.png\",\"contentUrl\":\"https:\/\/muzikaorganika.com\/wp-content\/uploads\/2024\/02\/MUZIKA-ORGANIKA-7.png\",\"width\":600,\"height\":160,\"caption\":\"Muzika Organika Boutique Events\"},\"image\":{\"@id\":\"https:\/\/muzikaorganika.com\/#\/schema\/logo\/image\/\"},\"sameAs\":[\"https:\/\/www.facebook.com\/muzikaorganika\/\",\"https:\/\/www.instagram.com\/muzikaorganika\/\",\"https:\/\/www.youtube.com\/@muzikaorganika\"]}]}<\/script>\n<!-- \/ Yoast SEO plugin. -->","yoast_head_json":{"title":"Events - Muzika Organika Boutique Events","robots":{"index":"index","follow":"follow","max-snippet":"max-snippet:-1","max-image-preview":"max-image-preview:large","max-video-preview":"max-video-preview:-1"},"canonical":"https:\/\/muzikaorganika.com\/de\/event-dates\/","og_locale":"de_DE","og_type":"article","og_title":"Events - Muzika Organika Boutique Events","og_url":"https:\/\/muzikaorganika.com\/de\/event-dates\/","og_site_name":"Muzika Organika Boutique Events","article_publisher":"https:\/\/www.facebook.com\/muzikaorganika\/","article_modified_time":"2026-01-06T23:27:22+00:00","twitter_card":"summary_large_image","twitter_misc":{"Gesch\u00e4tzte Lesezeit":"1\u00a0Minute"},"schema":{"@context":"https:\/\/schema.org","@graph":[{"@type":"WebPage","@id":"https:\/\/muzikaorganika.com\/de\/event-dates\/","url":"https:\/\/muzikaorganika.com\/de\/event-dates\/","name":"Events - Muzika Organika Boutique Events","isPartOf":{"@id":"https:\/\/muzikaorganika.com\/#website"},"datePublished":"2019-08-15T14:12:26+00:00","dateModified":"2026-01-06T23:27:22+00:00","breadcrumb":{"@id":"https:\/\/muzikaorganika.com\/de\/event-dates\/#breadcrumb"},"inLanguage":"de","potentialAction":[{"@type":"ReadAction","target":["https:\/\/muzikaorganika.com\/de\/event-dates\/"]}]},{"@type":"BreadcrumbList","@id":"https:\/\/muzikaorganika.com\/de\/event-dates\/#breadcrumb","itemListElement":[{"@type":"ListItem","position":1,"name":"Home","item":"https:\/\/muzikaorganika.com\/de\/"},{"@type":"ListItem","position":2,"name":"Events"}]},{"@type":"WebSite","@id":"https:\/\/muzikaorganika.com\/#website","url":"https:\/\/muzikaorganika.com\/","name":"Muzika Organika Boutique Events","description":"Experience the mystical fusion of music, cacao ceremony, heartfelt connections, and transformative energies.","publisher":{"@id":"https:\/\/muzikaorganika.com\/#organization"},"potentialAction":[{"@type":"SearchAction","target":{"@type":"EntryPoint","urlTemplate":"https:\/\/muzikaorganika.com\/?s={search_term_string}"},"query-input":{"@type":"PropertyValueSpecification","valueRequired":true,"valueName":"search_term_string"}}],"inLanguage":"de"},{"@type":"Organization","@id":"https:\/\/muzikaorganika.com\/#organization","name":"Muzika Organika Boutique Events","url":"https:\/\/muzikaorganika.com\/","logo":{"@type":"ImageObject","inLanguage":"de","@id":"https:\/\/muzikaorganika.com\/#\/schema\/logo\/image\/","url":"https:\/\/muzikaorganika.com\/wp-content\/uploads\/2024\/02\/MUZIKA-ORGANIKA-7.png","contentUrl":"https:\/\/muzikaorganika.com\/wp-content\/uploads\/2024\/02\/MUZIKA-ORGANIKA-7.png","width":600,"height":160,"caption":"Muzika Organika Boutique Events"},"image":{"@id":"https:\/\/muzikaorganika.com\/#\/schema\/logo\/image\/"},"sameAs":["https:\/\/www.facebook.com\/muzikaorganika\/","https:\/\/www.instagram.com\/muzikaorganika\/","https:\/\/www.youtube.com\/@muzikaorganika"]}]}},"_links":{"self":[{"href":"https:\/\/muzikaorganika.com\/de\/wp-json\/wp\/v2\/pages\/2146","targetHints":{"allow":["GET"]}}],"collection":[{"href":"https:\/\/muzikaorganika.com\/de\/wp-json\/wp\/v2\/pages"}],"about":[{"href":"https:\/\/muzikaorganika.com\/de\/wp-json\/wp\/v2\/types\/page"}],"author":[{"embeddable":true,"href":"https:\/\/muzikaorganika.com\/de\/wp-json\/wp\/v2\/users\/1"}],"replies":[{"embeddable":true,"href":"https:\/\/muzikaorganika.com\/de\/wp-json\/wp\/v2\/comments?post=2146"}],"version-history":[{"count":6,"href":"https:\/\/muzikaorganika.com\/de\/wp-json\/wp\/v2\/pages\/2146\/revisions"}],"predecessor-version":[{"id":2803,"href":"https:\/\/muzikaorganika.com\/de\/wp-json\/wp\/v2\/pages\/2146\/revisions\/2803"}],"wp:attachment":[{"href":"https:\/\/muzikaorganika.com\/de\/wp-json\/wp\/v2\/media?parent=2146"}],"curies":[{"name":"wp","href":"https:\/\/api.w.org\/{rel}","templated":true}]}}