{"id":2130,"date":"2024-02-21T12:51:01","date_gmt":"2024-02-21T11:51:01","guid":{"rendered":"https:\/\/muzikaorganika.com\/about\/"},"modified":"2025-09-03T21:49:56","modified_gmt":"2025-09-03T19:49:56","slug":"o-nas","status":"publish","type":"page","link":"https:\/\/muzikaorganika.com\/sl\/o-nas\/","title":{"rendered":"O nas"},"content":{"rendered":"<p><div class=\"fusion-fullwidth fullwidth-box fusion-builder-row-1 fusion-flex-container has-pattern-background has-mask-background fusion-parallax-none nonhundred-percent-fullwidth non-hundred-percent-height-scrolling lazyload\" style=\"--awb-background-position:center bottom;--awb-border-radius-top-left:0px;--awb-border-radius-top-right:0px;--awb-border-radius-bottom-right:0px;--awb-border-radius-bottom-left:0px;--awb-padding-top:15%;--awb-padding-bottom:9%;--awb-background-color:var(--awb-color8);--awb-background-size:cover;--awb-flex-wrap:wrap;\" data-bg=\"https:\/\/muzikaorganika.com\/wp-content\/uploads\/2023\/12\/IMG_2356-notxt-scaled.jpg\" ><div class=\"fusion-builder-row fusion-row fusion-flex-align-items-flex-start fusion-flex-content-wrap\" style=\"max-width:calc( 1140px + 0px );margin-left: calc(-0px \/ 2 );margin-right: calc(-0px \/ 2 );\"><div class=\"fusion-layout-column fusion_builder_column fusion-builder-column-0 fusion_builder_column_1_1 1_1 fusion-flex-column fusion-animated\" style=\"--awb-bg-blend:overlay;--awb-bg-size:cover;--awb-width-large:100%;--awb-margin-top-large:0px;--awb-spacing-right-large:0px;--awb-margin-bottom-large:0px;--awb-spacing-left-large:0px;--awb-width-medium:100%;--awb-spacing-right-medium:0px;--awb-spacing-left-medium:0px;--awb-width-small:100%;--awb-spacing-right-small:0px;--awb-spacing-left-small:0px;\" data-animationType=\"fadeInDown\" data-animationDuration=\"1.0\" data-animationOffset=\"top-into-view\"><div class=\"fusion-column-wrapper fusion-column-has-shadow fusion-flex-justify-content-flex-start fusion-content-layout-column\"><div class=\"fusion-title title fusion-title-1 fusion-sep-none fusion-title-center fusion-title-text fusion-title-size-one\" style=\"--awb-margin-bottom:0px;--awb-margin-bottom-small:0px;\"><h1 class=\"fusion-title-heading title-heading-center fusion-responsive-typography-calculated\" style=\"margin:0;--fontSize:36;line-height:var(--awb-typography1-line-height);\">O nas<\/h1><\/div><div class=\"fusion-title title fusion-title-2 fusion-sep-none fusion-title-center fusion-title-text fusion-title-size-two\" style=\"--awb-text-color:var(--awb-color2);--awb-font-size:20px;\"><h2 class=\"fusion-title-heading title-heading-center fusion-responsive-typography-calculated\" style=\"margin:0;font-size:1em;--fontSize:20;--minFontSize:20;line-height:1.5;\"><p class=\"p1\"><b>MISTI\u010cNI DOGODKI ZA TELO &amp; DU\u0160O<\/b><\/p><\/h2><\/div><\/div><\/div><\/div><\/div><div class=\"fusion-fullwidth fullwidth-box fusion-builder-row-2 fusion-flex-container has-pattern-background has-mask-background hundred-percent-fullwidth non-hundred-percent-height-scrolling\" style=\"--awb-border-radius-top-left:0px;--awb-border-radius-top-right:0px;--awb-border-radius-bottom-right:0px;--awb-border-radius-bottom-left:0px;--awb-padding-top:6%;--awb-padding-right:15%;--awb-padding-bottom:9%;--awb-padding-left:15%;--awb-background-color:var(--awb-color8);--awb-flex-wrap:wrap;\" ><div class=\"fusion-builder-row fusion-row fusion-flex-align-items-stretch fusion-flex-content-wrap\" style=\"width:calc( 100% + 0px ) !important;max-width:calc( 100% + 0px ) !important;margin-left: calc(-0px \/ 2 );margin-right: calc(-0px \/ 2 );\"><div class=\"fusion-layout-column fusion_builder_column fusion-builder-column-1 fusion_builder_column_1_1 1_1 fusion-flex-column fusion-flex-align-self-flex-start fusion-column-no-min-height fusion-animated\" style=\"--awb-padding-top:40px;--awb-padding-right:15%;--awb-padding-bottom:60px;--awb-padding-left:15%;--awb-bg-blend:overlay;--awb-bg-size:cover;--awb-width-large:100%;--awb-margin-top-large:0px;--awb-spacing-right-large:0px;--awb-margin-bottom-large:0px;--awb-spacing-left-large:0px;--awb-width-medium:100%;--awb-spacing-right-medium:0px;--awb-spacing-left-medium:0px;--awb-width-small:100%;--awb-spacing-right-small:0px;--awb-spacing-left-small:0px;\" data-animationType=\"fadeInDown\" data-animationDuration=\"1.0\" data-animationOffset=\"top-into-view\"><div class=\"fusion-column-wrapper fusion-column-has-shadow fusion-flex-justify-content-flex-start fusion-content-layout-column\"><div class=\"fusion-title title fusion-title-3 fusion-sep-none fusion-title-center fusion-title-text fusion-title-size-two\" style=\"--awb-text-color:var(--awb-color4);--awb-margin-bottom:0px;--awb-margin-bottom-small:0px;--awb-font-size:var(--awb-typography2-font-size);\"><h2 class=\"fusion-title-heading title-heading-center fusion-responsive-typography-calculated\" style=\"font-family:var(--awb-typography2-font-family);font-weight:var(--awb-typography2-font-weight);font-style:var(--awb-typography2-font-style);margin:0;letter-spacing:var(--awb-typography2-letter-spacing);text-transform:var(--awb-typography2-text-transform);font-size:1em;--fontSize:18;--minFontSize:18;line-height:var(--awb-typography2-line-height);\"><p class=\"p1\">\u010cas za praznovanje \u017eivljenja<\/p><\/h2><\/div><div class=\"fusion-title title fusion-title-4 fusion-sep-none fusion-title-center fusion-title-text fusion-title-size-three\" style=\"--awb-text-color:var(--awb-color1);--awb-margin-bottom:20px;--awb-margin-bottom-small:20px;--awb-font-size:55px;\"><h3 class=\"fusion-title-heading title-heading-center fusion-responsive-typography-calculated\" style=\"margin:0;letter-spacing:0px;font-size:1em;--fontSize:55;line-height:1.3;\"><p class=\"p1\">nov na\u010din dru\u017eenja<\/p><\/h3><\/div><div class=\"fusion-text fusion-text-1\"><p class=\"p1\" style=\"text-align: center;\">Presegamo tradicionalne dogodke ter ustvarjamo <b>edinstvena in intimna glasbeno-duhovna popotovanja<\/b>. Na\u0161a skupnost talentiranih organskih glasbenikov je predana ustvarjanju prostora, ki spodbuja introspkecijo in obpira srce vsakega udele\u017eenca.<\/p>\n<p class=\"p1\" style=\"text-align: center;\">Posebno pozornost namenjamo celostni izku\u0161nji, vklju\u010dno z vrhunsko glasbeno opremo.<\/p>\n<p class=\"p1\" style=\"text-align: center;\">Pri Muziki Organiki ustvarjamo pristna in radostna do\u017eivetja. Na\u0161i dogodki so zasnovani tako, da odpirajo srce, um in telo, krepijo medsebojne odnose ter spodbujajo prisotnost v trenutku.<\/p>\n<p class=\"p1\" style=\"text-align: center;\">Ponujamo izbor zdravilnih, po\u017eivljajo\u010dih in srce odpirajo\u010dih napitkov, kot sta obredni kakav ali \u010daj modrega lotosa.<\/p>\n<\/div><\/div><\/div><\/div><\/div><\/p>\n","protected":false},"excerpt":{"rendered":"","protected":false},"author":2,"featured_media":0,"parent":0,"menu_order":0,"comment_status":"closed","ping_status":"closed","template":"100-width.php","meta":{"_monsterinsights_skip_tracking":false,"_monsterinsights_sitenote_active":false,"_monsterinsights_sitenote_note":"","_monsterinsights_sitenote_category":0,"footnotes":""},"class_list":["post-2130","page","type-page","status-publish","hentry"],"yoast_head":"<!-- This site is optimized with the Yoast SEO plugin v27.0 - https:\/\/yoast.com\/product\/yoast-seo-wordpress\/ -->\n<title>O nas - Muzika Organika Boutique Events<\/title>\n<meta name=\"robots\" content=\"index, follow, max-snippet:-1, max-image-preview:large, max-video-preview:-1\" \/>\n<link rel=\"canonical\" href=\"https:\/\/muzikaorganika.com\/sl\/o-nas\/\" \/>\n<meta property=\"og:locale\" content=\"sl_SI\" \/>\n<meta property=\"og:type\" content=\"article\" \/>\n<meta property=\"og:title\" content=\"O nas - Muzika Organika Boutique Events\" \/>\n<meta property=\"og:url\" content=\"https:\/\/muzikaorganika.com\/sl\/o-nas\/\" \/>\n<meta property=\"og:site_name\" content=\"Muzika Organika Boutique Events\" \/>\n<meta property=\"article:publisher\" content=\"https:\/\/www.facebook.com\/muzikaorganika\/\" \/>\n<meta property=\"article:modified_time\" content=\"2025-09-03T19:49:56+00:00\" \/>\n<meta name=\"twitter:card\" content=\"summary_large_image\" \/>\n<meta name=\"twitter:label1\" content=\"Est. reading time\" \/>\n\t<meta name=\"twitter:data1\" content=\"1 minuta\" \/>\n<script type=\"application\/ld+json\" class=\"yoast-schema-graph\">{\"@context\":\"https:\/\/schema.org\",\"@graph\":[{\"@type\":\"WebPage\",\"@id\":\"https:\/\/muzikaorganika.com\/sl\/o-nas\/\",\"url\":\"https:\/\/muzikaorganika.com\/sl\/o-nas\/\",\"name\":\"O nas - Muzika Organika Boutique Events\",\"isPartOf\":{\"@id\":\"https:\/\/muzikaorganika.com\/#website\"},\"datePublished\":\"2024-02-21T11:51:01+00:00\",\"dateModified\":\"2025-09-03T19:49:56+00:00\",\"breadcrumb\":{\"@id\":\"https:\/\/muzikaorganika.com\/sl\/o-nas\/#breadcrumb\"},\"inLanguage\":\"sl-SI\",\"potentialAction\":[{\"@type\":\"ReadAction\",\"target\":[\"https:\/\/muzikaorganika.com\/sl\/o-nas\/\"]}]},{\"@type\":\"BreadcrumbList\",\"@id\":\"https:\/\/muzikaorganika.com\/sl\/o-nas\/#breadcrumb\",\"itemListElement\":[{\"@type\":\"ListItem\",\"position\":1,\"name\":\"Home\",\"item\":\"https:\/\/muzikaorganika.com\/sl\/\"},{\"@type\":\"ListItem\",\"position\":2,\"name\":\"O nas\"}]},{\"@type\":\"WebSite\",\"@id\":\"https:\/\/muzikaorganika.com\/#website\",\"url\":\"https:\/\/muzikaorganika.com\/\",\"name\":\"Muzika Organika Boutique Events\",\"description\":\"Experience the mystical fusion of music, cacao ceremony, heartfelt connections, and transformative energies.\",\"publisher\":{\"@id\":\"https:\/\/muzikaorganika.com\/#organization\"},\"potentialAction\":[{\"@type\":\"SearchAction\",\"target\":{\"@type\":\"EntryPoint\",\"urlTemplate\":\"https:\/\/muzikaorganika.com\/?s={search_term_string}\"},\"query-input\":{\"@type\":\"PropertyValueSpecification\",\"valueRequired\":true,\"valueName\":\"search_term_string\"}}],\"inLanguage\":\"sl-SI\"},{\"@type\":\"Organization\",\"@id\":\"https:\/\/muzikaorganika.com\/#organization\",\"name\":\"Muzika Organika Boutique Events\",\"url\":\"https:\/\/muzikaorganika.com\/\",\"logo\":{\"@type\":\"ImageObject\",\"inLanguage\":\"sl-SI\",\"@id\":\"https:\/\/muzikaorganika.com\/#\/schema\/logo\/image\/\",\"url\":\"https:\/\/muzikaorganika.com\/wp-content\/uploads\/2024\/02\/MUZIKA-ORGANIKA-7.png\",\"contentUrl\":\"https:\/\/muzikaorganika.com\/wp-content\/uploads\/2024\/02\/MUZIKA-ORGANIKA-7.png\",\"width\":600,\"height\":160,\"caption\":\"Muzika Organika Boutique Events\"},\"image\":{\"@id\":\"https:\/\/muzikaorganika.com\/#\/schema\/logo\/image\/\"},\"sameAs\":[\"https:\/\/www.facebook.com\/muzikaorganika\/\",\"https:\/\/www.instagram.com\/muzikaorganika\/\",\"https:\/\/www.youtube.com\/@muzikaorganika\"]}]}<\/script>\n<!-- \/ Yoast SEO plugin. -->","yoast_head_json":{"title":"O nas - Muzika Organika Boutique Events","robots":{"index":"index","follow":"follow","max-snippet":"max-snippet:-1","max-image-preview":"max-image-preview:large","max-video-preview":"max-video-preview:-1"},"canonical":"https:\/\/muzikaorganika.com\/sl\/o-nas\/","og_locale":"sl_SI","og_type":"article","og_title":"O nas - Muzika Organika Boutique Events","og_url":"https:\/\/muzikaorganika.com\/sl\/o-nas\/","og_site_name":"Muzika Organika Boutique Events","article_publisher":"https:\/\/www.facebook.com\/muzikaorganika\/","article_modified_time":"2025-09-03T19:49:56+00:00","twitter_card":"summary_large_image","twitter_misc":{"Est. reading time":"1 minuta"},"schema":{"@context":"https:\/\/schema.org","@graph":[{"@type":"WebPage","@id":"https:\/\/muzikaorganika.com\/sl\/o-nas\/","url":"https:\/\/muzikaorganika.com\/sl\/o-nas\/","name":"O nas - Muzika Organika Boutique Events","isPartOf":{"@id":"https:\/\/muzikaorganika.com\/#website"},"datePublished":"2024-02-21T11:51:01+00:00","dateModified":"2025-09-03T19:49:56+00:00","breadcrumb":{"@id":"https:\/\/muzikaorganika.com\/sl\/o-nas\/#breadcrumb"},"inLanguage":"sl-SI","potentialAction":[{"@type":"ReadAction","target":["https:\/\/muzikaorganika.com\/sl\/o-nas\/"]}]},{"@type":"BreadcrumbList","@id":"https:\/\/muzikaorganika.com\/sl\/o-nas\/#breadcrumb","itemListElement":[{"@type":"ListItem","position":1,"name":"Home","item":"https:\/\/muzikaorganika.com\/sl\/"},{"@type":"ListItem","position":2,"name":"O nas"}]},{"@type":"WebSite","@id":"https:\/\/muzikaorganika.com\/#website","url":"https:\/\/muzikaorganika.com\/","name":"Muzika Organika Boutique Events","description":"Experience the mystical fusion of music, cacao ceremony, heartfelt connections, and transformative energies.","publisher":{"@id":"https:\/\/muzikaorganika.com\/#organization"},"potentialAction":[{"@type":"SearchAction","target":{"@type":"EntryPoint","urlTemplate":"https:\/\/muzikaorganika.com\/?s={search_term_string}"},"query-input":{"@type":"PropertyValueSpecification","valueRequired":true,"valueName":"search_term_string"}}],"inLanguage":"sl-SI"},{"@type":"Organization","@id":"https:\/\/muzikaorganika.com\/#organization","name":"Muzika Organika Boutique Events","url":"https:\/\/muzikaorganika.com\/","logo":{"@type":"ImageObject","inLanguage":"sl-SI","@id":"https:\/\/muzikaorganika.com\/#\/schema\/logo\/image\/","url":"https:\/\/muzikaorganika.com\/wp-content\/uploads\/2024\/02\/MUZIKA-ORGANIKA-7.png","contentUrl":"https:\/\/muzikaorganika.com\/wp-content\/uploads\/2024\/02\/MUZIKA-ORGANIKA-7.png","width":600,"height":160,"caption":"Muzika Organika Boutique Events"},"image":{"@id":"https:\/\/muzikaorganika.com\/#\/schema\/logo\/image\/"},"sameAs":["https:\/\/www.facebook.com\/muzikaorganika\/","https:\/\/www.instagram.com\/muzikaorganika\/","https:\/\/www.youtube.com\/@muzikaorganika"]}]}},"_links":{"self":[{"href":"https:\/\/muzikaorganika.com\/sl\/wp-json\/wp\/v2\/pages\/2130","targetHints":{"allow":["GET"]}}],"collection":[{"href":"https:\/\/muzikaorganika.com\/sl\/wp-json\/wp\/v2\/pages"}],"about":[{"href":"https:\/\/muzikaorganika.com\/sl\/wp-json\/wp\/v2\/types\/page"}],"author":[{"embeddable":true,"href":"https:\/\/muzikaorganika.com\/sl\/wp-json\/wp\/v2\/users\/2"}],"replies":[{"embeddable":true,"href":"https:\/\/muzikaorganika.com\/sl\/wp-json\/wp\/v2\/comments?post=2130"}],"version-history":[{"count":6,"href":"https:\/\/muzikaorganika.com\/sl\/wp-json\/wp\/v2\/pages\/2130\/revisions"}],"predecessor-version":[{"id":2498,"href":"https:\/\/muzikaorganika.com\/sl\/wp-json\/wp\/v2\/pages\/2130\/revisions\/2498"}],"wp:attachment":[{"href":"https:\/\/muzikaorganika.com\/sl\/wp-json\/wp\/v2\/media?parent=2130"}],"curies":[{"name":"wp","href":"https:\/\/api.w.org\/{rel}","templated":true}]}}